{"id":23,"date":"2018-11-16T22:59:31","date_gmt":"2018-11-16T22:59:31","guid":{"rendered":"https:\/\/gpsites.co\/mellow\/?page_id=23"},"modified":"2022-01-10T10:35:30","modified_gmt":"2022-01-10T10:35:30","slug":"blog","status":"publish","type":"page","link":"https:\/\/manosymaderaom.com\/","title":{"rendered":"Sobre Manos yMaderaOM"},"content":{"rendered":"\n<p><\/p>\n\n\n\n<p class=\"p1 has-black-color has-text-color has-medium-font-size\">Bienvenido a <b>ManosyMaderaOM<\/b>, un peque\u00f1o taller de carpinter\u00eda de Asturias, no dejes de visitar nuestro blog y nuestro perfil de <a href=\"http:\/\/www.instagram.com\/manosymaderaom\" target=\"_blank\" rel=\"noreferrer noopener\" title=\"instagram\">Instagram<\/a> para conocer m\u00e1s sobre nuestro trabajo. Si tienes un sue\u00f1o o proyecto, escr\u00edbenos, nosotros te podemos ayudar.<\/p>\n\n\n\n<p><\/p>\n\n\n\n<p class=\"has-medium-font-size\">Mi nombre es \u00d3scar Mu\u00f1oz, soy una persona inquieta e inconformista, y he decidido crear un trabajo a mi medida. Esta nueva aventura, m\u00e1s que un Taller de Carpinter\u00eda, es&nbsp; un Laboratorio desde donde poder seguir d\u00e1ndome y&nbsp; seguir aprendiendo.<\/p>\n\n\n\n<p class=\"has-medium-font-size\">Mi gran vocaci\u00f3n es poder dar soluci\u00f3n a todas esas cuestiones dif\u00edciles de realizar, ya sea por falta de ideas, de experiencia o de imaginaci\u00f3n, con los recursos adecuados a cada caso.<\/p>\n\n\n\n<p class=\"has-medium-font-size\">Laboralmente he pasado desde montar muro cortina (fachadas de aluminio y cristal) y &nbsp;lucernarios, a la direcci\u00f3n t\u00e9cnica de eventos. Desde la fabricaci\u00f3n y montaje, a la direcci\u00f3n comercial en empresas. He tenido la oportunidad de trabajar con m\u00faltiples materiales y en la creaci\u00f3n de proyectos, con ideas e imaginaci\u00f3n. <\/p>\n\n\n\n<p class=\"has-medium-font-size\">Una de mis \u00faltimas ocupaciones laborales est\u00e1 ligada al teatro, donde tengo la suerte de poderlo vivir desde casi todos sus aspectos t\u00e9cnico-art\u00edsticos. Realizo y creo escenograf\u00edas, utiler\u00eda y vestuario; trabajo como regidor, maquinista, ayudante de direcci\u00f3n, responsable de proyecto\u2026 <\/p>\n\n\n\n<blockquote class=\"wp-block-quote has-text-align-center is-style-large\"><p>Cada D\u00eda es un Reto y tenemos la Maravillosa oportunidad de Elegir Abrazarlo y Vivirlo Intensamente, Recibiendo lo que Necesitamos de la Vida para Dar Nuestra Mejor Versi\u00f3n.<\/p><\/blockquote>\n\n\n<div class=\"gb-container gb-container-0c920295\"><div class=\"gb-inside-container\">\n\n<p class=\"has-text-align-center has-medium-font-size\">S\u00edguenos en Instagram para ver los nuestros nuevos proyectos.<\/p>\n\n\n\n<ul class=\"wp-block-social-links aligncenter has-large-icon-size has-icon-background-color is-style-default\"><li style=\"background-color: #000000; \" class=\"wp-social-link wp-social-link-instagram wp-block-social-link\"><a href=\"http:\/\/www.instagram.com\/manosymaderaom\" aria-label=\"Instagram: www.instagram.com\/manosymaderaom\" rel=\"noopener nofollow\" target=\"_blank\" class=\"wp-block-social-link-anchor\"> <svg width=\"24\" height=\"24\" viewBox=\"0 0 24 24\" version=\"1.1\" xmlns=\"http:\/\/www.w3.org\/2000\/svg\" role=\"img\" aria-hidden=\"true\" focusable=\"false\"><path d=\"M12,4.622c2.403,0,2.688,0.009,3.637,0.052c0.877,0.04,1.354,0.187,1.671,0.31c0.42,0.163,0.72,0.358,1.035,0.673 c0.315,0.315,0.51,0.615,0.673,1.035c0.123,0.317,0.27,0.794,0.31,1.671c0.043,0.949,0.052,1.234,0.052,3.637 s-0.009,2.688-0.052,3.637c-0.04,0.877-0.187,1.354-0.31,1.671c-0.163,0.42-0.358,0.72-0.673,1.035 c-0.315,0.315-0.615,0.51-1.035,0.673c-0.317,0.123-0.794,0.27-1.671,0.31c-0.949,0.043-1.233,0.052-3.637,0.052 s-2.688-0.009-3.637-0.052c-0.877-0.04-1.354-0.187-1.671-0.31c-0.42-0.163-0.72-0.358-1.035-0.673 c-0.315-0.315-0.51-0.615-0.673-1.035c-0.123-0.317-0.27-0.794-0.31-1.671C4.631,14.688,4.622,14.403,4.622,12 s0.009-2.688,0.052-3.637c0.04-0.877,0.187-1.354,0.31-1.671c0.163-0.42,0.358-0.72,0.673-1.035 c0.315-0.315,0.615-0.51,1.035-0.673c0.317-0.123,0.794-0.27,1.671-0.31C9.312,4.631,9.597,4.622,12,4.622 M12,3 C9.556,3,9.249,3.01,8.289,3.054C7.331,3.098,6.677,3.25,6.105,3.472C5.513,3.702,5.011,4.01,4.511,4.511 c-0.5,0.5-0.808,1.002-1.038,1.594C3.25,6.677,3.098,7.331,3.054,8.289C3.01,9.249,3,9.556,3,12c0,2.444,0.01,2.751,0.054,3.711 c0.044,0.958,0.196,1.612,0.418,2.185c0.23,0.592,0.538,1.094,1.038,1.594c0.5,0.5,1.002,0.808,1.594,1.038 c0.572,0.222,1.227,0.375,2.185,0.418C9.249,20.99,9.556,21,12,21s2.751-0.01,3.711-0.054c0.958-0.044,1.612-0.196,2.185-0.418 c0.592-0.23,1.094-0.538,1.594-1.038c0.5-0.5,0.808-1.002,1.038-1.594c0.222-0.572,0.375-1.227,0.418-2.185 C20.99,14.751,21,14.444,21,12s-0.01-2.751-0.054-3.711c-0.044-0.958-0.196-1.612-0.418-2.185c-0.23-0.592-0.538-1.094-1.038-1.594 c-0.5-0.5-1.002-0.808-1.594-1.038c-0.572-0.222-1.227-0.375-2.185-0.418C14.751,3.01,14.444,3,12,3L12,3z M12,7.378 c-2.552,0-4.622,2.069-4.622,4.622S9.448,16.622,12,16.622s4.622-2.069,4.622-4.622S14.552,7.378,12,7.378z M12,15 c-1.657,0-3-1.343-3-3s1.343-3,3-3s3,1.343,3,3S13.657,15,12,15z M16.804,6.116c-0.596,0-1.08,0.484-1.08,1.08 s0.484,1.08,1.08,1.08c0.596,0,1.08-0.484,1.08-1.08S17.401,6.116,16.804,6.116z\"><\/path><\/svg><\/a><\/li><\/ul>\n\n<\/div><\/div>\n\n\n<p><\/p>\n\n\n<div class=\"gb-button-wrapper gb-button-wrapper-7a80a05e\">\n\n<a class=\"gb-button gb-button-cc1343fa gb-button-text\" href=\"https:\/\/manosymaderaom.com\/index.php\/contact\/\">Contacta<\/a>\n\n<\/div>\n\n\n<div class=\"wp-block-group has-contrast-color has-text-color\"><div class=\"wp-block-group__inner-container\"><div class=\"gb-grid-wrapper gb-grid-wrapper-99f9d4c5\">\n<div class=\"gb-grid-column gb-grid-column-34e2e785\"><div class=\"gb-container gb-container-34e2e785\"><div class=\"gb-inside-container\">\n\n<div class=\"wp-block-columns alignfull are-vertically-aligned-center\">\n<div class=\"wp-block-column is-vertically-aligned-center\" style=\"flex-basis:100%\"><\/div>\n<\/div>\n\n<\/div><\/div><\/div>\n<\/div>\n\n\n<figure class=\"wp-block-gallery columns-3 is-cropped\"><ul class=\"blocks-gallery-grid\"><li class=\"blocks-gallery-item\"><figure><a href=\"https:\/\/manosymaderaom.com\/wp-content\/uploads\/2021\/10\/129FBA1E-1250-4322-A656-E1823A0B9074_1_201_a-scaled.jpeg\"><img loading=\"lazy\" width=\"150\" height=\"150\" src=\"https:\/\/manosymaderaom.com\/wp-content\/uploads\/2021\/10\/129FBA1E-1250-4322-A656-E1823A0B9074_1_201_a-150x150.jpeg\" alt=\"Domo geod\u00e9sico de madera tratada\" data-id=\"138\" data-full-url=\"https:\/\/manosymaderaom.com\/wp-content\/uploads\/2021\/10\/129FBA1E-1250-4322-A656-E1823A0B9074_1_201_a-scaled.jpeg\" data-link=\"https:\/\/manosymaderaom.com\/129fba1e-1250-4322-a656-e1823a0b9074_1_201_a\/\" class=\"wp-image-138\"\/><\/a><figcaption class=\"blocks-gallery-item__caption\">Domo Geod\u00e9sico<\/figcaption><\/figure><\/li><li class=\"blocks-gallery-item\"><figure><a href=\"https:\/\/manosymaderaom.com\/wp-content\/uploads\/2021\/12\/089bb98c-db49-4d64-aeda-0f9d236bdbd5.jpg\"><img loading=\"lazy\" width=\"150\" height=\"150\" src=\"https:\/\/manosymaderaom.com\/wp-content\/uploads\/2021\/12\/089bb98c-db49-4d64-aeda-0f9d236bdbd5-150x150.jpg\" alt=\"\" data-id=\"321\" data-full-url=\"https:\/\/manosymaderaom.com\/wp-content\/uploads\/2021\/12\/089bb98c-db49-4d64-aeda-0f9d236bdbd5.jpg\" data-link=\"https:\/\/manosymaderaom.com\/089bb98c-db49-4d64-aeda-0f9d236bdbd5\/\" class=\"wp-image-321\"\/><\/a><figcaption class=\"blocks-gallery-item__caption\">Cama Barco Pirata a medida<\/figcaption><\/figure><\/li><li class=\"blocks-gallery-item\"><figure><a href=\"https:\/\/manosymaderaom.com\/wp-content\/uploads\/2021\/12\/IMG_20190807_104554_618.jpg\"><img loading=\"lazy\" width=\"150\" height=\"150\" src=\"https:\/\/manosymaderaom.com\/wp-content\/uploads\/2021\/12\/IMG_20190807_104554_618-150x150.jpg\" alt=\"Mobiliario Pikler\" data-id=\"316\" data-full-url=\"https:\/\/manosymaderaom.com\/wp-content\/uploads\/2021\/12\/IMG_20190807_104554_618.jpg\" data-link=\"https:\/\/manosymaderaom.com\/index.php\/2021\/12\/14\/mobiliario-pikler-y-la-importancia-movimiento-libre\/img_20190807_104554_618\/#main\" class=\"wp-image-316\"\/><\/a><figcaption class=\"blocks-gallery-item__caption\">Mobiliario Pikler<\/figcaption><\/figure><\/li><li class=\"blocks-gallery-item\"><figure><a href=\"https:\/\/manosymaderaom.com\/wp-content\/uploads\/2021\/12\/A4186DFA-89B9-456F-A67F-308F690AFFD9.jpeg\"><img loading=\"lazy\" width=\"150\" height=\"150\" src=\"https:\/\/manosymaderaom.com\/wp-content\/uploads\/2021\/12\/A4186DFA-89B9-456F-A67F-308F690AFFD9-150x150.jpeg\" alt=\"\" data-id=\"325\" data-full-url=\"https:\/\/manosymaderaom.com\/wp-content\/uploads\/2021\/12\/A4186DFA-89B9-456F-A67F-308F690AFFD9.jpeg\" data-link=\"https:\/\/manosymaderaom.com\/a4186dfa-89b9-456f-a67f-308f690affd9\/\" class=\"wp-image-325\"\/><\/a><figcaption class=\"blocks-gallery-item__caption\">Ford Transit Camper<\/figcaption><\/figure><\/li><li class=\"blocks-gallery-item\"><figure><a href=\"https:\/\/manosymaderaom.com\/wp-content\/uploads\/2021\/12\/3D4B80E3-AD77-483D-82E0-5EDCCA823B3D.jpeg\"><img loading=\"lazy\" width=\"150\" height=\"150\" src=\"https:\/\/manosymaderaom.com\/wp-content\/uploads\/2021\/12\/3D4B80E3-AD77-483D-82E0-5EDCCA823B3D-150x150.jpeg\" alt=\"\" data-id=\"324\" data-full-url=\"https:\/\/manosymaderaom.com\/wp-content\/uploads\/2021\/12\/3D4B80E3-AD77-483D-82E0-5EDCCA823B3D.jpeg\" data-link=\"https:\/\/manosymaderaom.com\/3d4b80e3-ad77-483d-82e0-5edcca823b3d\/\" class=\"wp-image-324\"\/><\/a><figcaption class=\"blocks-gallery-item__caption\">Renovando puertas<\/figcaption><\/figure><\/li><li class=\"blocks-gallery-item\"><figure><a href=\"https:\/\/manosymaderaom.com\/wp-content\/uploads\/2021\/11\/IMG_20160930_130630-scaled.jpg\"><img loading=\"lazy\" width=\"150\" height=\"150\" src=\"https:\/\/manosymaderaom.com\/wp-content\/uploads\/2021\/11\/IMG_20160930_130630-150x150.jpg\" alt=\"\" data-id=\"275\" data-full-url=\"https:\/\/manosymaderaom.com\/wp-content\/uploads\/2021\/11\/IMG_20160930_130630-scaled.jpg\" data-link=\"https:\/\/manosymaderaom.com\/index.php\/blog\/img_20160930_130630\/#main\" class=\"wp-image-275\"\/><\/a><figcaption class=\"blocks-gallery-item__caption\">El Sobre Verde<\/figcaption><\/figure><\/li><li class=\"blocks-gallery-item\"><figure><a href=\"https:\/\/manosymaderaom.com\/wp-content\/uploads\/2021\/11\/IMG_20211007_191529-scaled.jpg\"><img loading=\"lazy\" width=\"150\" height=\"150\" src=\"https:\/\/manosymaderaom.com\/wp-content\/uploads\/2021\/11\/IMG_20211007_191529-150x150.jpg\" alt=\"\" data-id=\"274\" data-full-url=\"https:\/\/manosymaderaom.com\/wp-content\/uploads\/2021\/11\/IMG_20211007_191529-scaled.jpg\" data-link=\"https:\/\/manosymaderaom.com\/index.php\/blog\/img_20211007_191529\/#main\" class=\"wp-image-274\"\/><\/a><figcaption class=\"blocks-gallery-item__caption\">En proceso<\/figcaption><\/figure><\/li><li class=\"blocks-gallery-item\"><figure><a href=\"https:\/\/manosymaderaom.com\/wp-content\/uploads\/2021\/12\/A0C436CE-EBF7-4981-B4BD-271FBDF1C350.jpeg\"><img loading=\"lazy\" width=\"150\" height=\"150\" src=\"https:\/\/manosymaderaom.com\/wp-content\/uploads\/2021\/12\/A0C436CE-EBF7-4981-B4BD-271FBDF1C350-150x150.jpeg\" alt=\"\" data-id=\"322\" data-full-url=\"https:\/\/manosymaderaom.com\/wp-content\/uploads\/2021\/12\/A0C436CE-EBF7-4981-B4BD-271FBDF1C350.jpeg\" data-link=\"https:\/\/manosymaderaom.com\/a0c436ce-ebf7-4981-b4bd-271fbdf1c350\/\" class=\"wp-image-322\"\/><\/a><figcaption class=\"blocks-gallery-item__caption\">Encimera a medida para furgoneta Camper<\/figcaption><\/figure><\/li><\/ul><\/figure>\n<\/div><\/div>\n","protected":false},"excerpt":{"rendered":"<p>Bienvenido a ManosyMaderaOM, un peque\u00f1o taller de carpinter\u00eda de Asturias, no dejes de visitar nuestro blog y nuestro perfil de Instagram para conocer m\u00e1s sobre nuestro trabajo. Si tienes un sue\u00f1o o proyecto, escr\u00edbenos, nosotros te podemos ayudar. Mi nombre es \u00d3scar Mu\u00f1oz, soy una persona inquieta e inconformista, y he decidido crear un trabajo &#8230; <\/p>\n<p class=\"read-more-container\"><a title=\"Sobre Manos yMaderaOM\" class=\"read-more button\" href=\"https:\/\/manosymaderaom.com\/#more-23\" aria-label=\"More on Sobre Manos yMaderaOM\">Me interesa<\/a><\/p>\n","protected":false},"author":3,"featured_media":134,"parent":0,"menu_order":0,"comment_status":"closed","ping_status":"closed","template":"","meta":{"_generate-full-width-content":"contained","om_disable_all_campaigns":false,"_monsterinsights_skip_tracking":false,"_monsterinsights_sitenote_active":false,"_monsterinsights_sitenote_note":"","_monsterinsights_sitenote_category":0},"_links":{"self":[{"href":"https:\/\/manosymaderaom.com\/index.php\/wp-json\/wp\/v2\/pages\/23"}],"collection":[{"href":"https:\/\/manosymaderaom.com\/index.php\/wp-json\/wp\/v2\/pages"}],"about":[{"href":"https:\/\/manosymaderaom.com\/index.php\/wp-json\/wp\/v2\/types\/page"}],"author":[{"embeddable":true,"href":"https:\/\/manosymaderaom.com\/index.php\/wp-json\/wp\/v2\/users\/3"}],"replies":[{"embeddable":true,"href":"https:\/\/manosymaderaom.com\/index.php\/wp-json\/wp\/v2\/comments?post=23"}],"version-history":[{"count":47,"href":"https:\/\/manosymaderaom.com\/index.php\/wp-json\/wp\/v2\/pages\/23\/revisions"}],"predecessor-version":[{"id":356,"href":"https:\/\/manosymaderaom.com\/index.php\/wp-json\/wp\/v2\/pages\/23\/revisions\/356"}],"wp:featuredmedia":[{"embeddable":true,"href":"https:\/\/manosymaderaom.com\/index.php\/wp-json\/wp\/v2\/media\/134"}],"wp:attachment":[{"href":"https:\/\/manosymaderaom.com\/index.php\/wp-json\/wp\/v2\/media?parent=23"}],"curies":[{"name":"wp","href":"https:\/\/api.w.org\/{rel}","templated":true}]}}